{"id":621,"date":"2024-11-12T12:41:56","date_gmt":"2024-11-12T12:41:56","guid":{"rendered":"https:\/\/es-decor.us\/?page_id=621"},"modified":"2025-05-28T03:46:08","modified_gmt":"2025-05-28T03:46:08","slug":"blog","status":"publish","type":"page","link":"https:\/\/es-decor.us\/?page_id=621","title":{"rendered":"Blog"},"content":{"rendered":"\n\n\n\n\n<p>Lorem Ipsum has been the industry&#8217;s standard dummy text ever since the 1500s.<\/p>\n\n\n\n\n\n\n\n\n\n\n\n<h2 style=\"color: rgb(255, 255, 255);\">Es-Decor Blog<\/h2>\n\n\n\n<p style=\"color: rgb(255, 255, 255);\">\u00a1Bienvenid@ a nuestro Blog! Un espacio donde podr\u00e1s encontrar informaci\u00f3n en decoraci\u00f3n y dise\u00f1o de interiores, as\u00ed como consejos de nuestros expertos y estancias que son pura inspiraci\u00f3n. Adem\u00e1s, cada semana te mostramos los mejores proyectos de interiorismo. Y para m\u00e1s novedades, \u00a1S\u00edguenos en nuestras Redes Sociales!<\/p>\n\n\n\n\n\n\n\n\n\n\n\n\n\n\n\n\n\n\n\n\n\n\n\n\n\n\n\n\n\n\n\n\n\n\n\n\n\n\n\n","protected":false},"excerpt":{"rendered":"","protected":false},"author":1,"featured_media":0,"parent":0,"menu_order":0,"comment_status":"closed","ping_status":"closed","template":"","meta":{"pagelayer_contact_templates":[],"_pagelayer_content":"","sfsi_plus_gutenberg_text_before_share":"","sfsi_plus_gutenberg_show_text_before_share":"","sfsi_plus_gutenberg_icon_type":"","sfsi_plus_gutenberg_icon_alignemt":"","sfsi_plus_gutenburg_max_per_row":"","footnotes":""},"class_list":["post-621","page","type-page","status-publish","hentry"],"_links":{"self":[{"href":"https:\/\/es-decor.us\/index.php?rest_route=\/wp\/v2\/pages\/621","targetHints":{"allow":["GET"]}}],"collection":[{"href":"https:\/\/es-decor.us\/index.php?rest_route=\/wp\/v2\/pages"}],"about":[{"href":"https:\/\/es-decor.us\/index.php?rest_route=\/wp\/v2\/types\/page"}],"author":[{"embeddable":true,"href":"https:\/\/es-decor.us\/index.php?rest_route=\/wp\/v2\/users\/1"}],"replies":[{"embeddable":true,"href":"https:\/\/es-decor.us\/index.php?rest_route=%2Fwp%2Fv2%2Fcomments&post=621"}],"version-history":[{"count":30,"href":"https:\/\/es-decor.us\/index.php?rest_route=\/wp\/v2\/pages\/621\/revisions"}],"predecessor-version":[{"id":695,"href":"https:\/\/es-decor.us\/index.php?rest_route=\/wp\/v2\/pages\/621\/revisions\/695"}],"wp:attachment":[{"href":"https:\/\/es-decor.us\/index.php?rest_route=%2Fwp%2Fv2%2Fmedia&parent=621"}],"curies":[{"name":"wp","href":"https:\/\/api.w.org\/{rel}","templated":true}]}}