{"id":34,"date":"2024-10-25T05:18:17","date_gmt":"2024-10-25T05:18:17","guid":{"rendered":"https:\/\/es-decor.us\/about\/"},"modified":"2024-11-14T03:51:54","modified_gmt":"2024-11-14T03:51:54","slug":"about","status":"publish","type":"page","link":"https:\/\/es-decor.us\/?page_id=34","title":{"rendered":"About"},"content":{"rendered":"\n\n\n<p>Lorem Ipsum has been the industry&#8217;s standard dummy text ever since the 1500s.<\/p>\n\n\n\n\n\n\n\n<h2 style=\"color: rgb(255, 255, 255);\">Quienes somos<\/h2>\n<p style=\"text-align: center;\"><span style=\"color:#ffffff;\"><span style=\"text-align: center;\">Somos un grupo empresarial especializado en decoraci\u00f3n de interiores, con a\u00f1os de experiencia en la industria, <br>orgullosos de trabajar con materiales de alta calidad y pr\u00e1cticas sostenibles,<br> asegurando que nuestros productos sean atractivos y responsables con el medio ambiente.&nbsp;<\/span><br><span style=\"font-weight: bolder; text-align: center; \"><em>\u00a1Estamos para inspirarte y hacer realidad tus sue\u00f1os!<\/em><\/span><\/span><span style=\"font-weight: bolder; text-align: center; \"><em><\/em><\/span><br><\/p>\n\n\n\n\n\n\n\n\n\n<h5>Nuestra Misi\u00f3n<\/h5>\n<p>Nuestra misi\u00f3n es ofrecer soluciones de decoraci\u00f3n excepcionales. Creando ambientes est\u00e9ticamente agradables y funcionales que se adapten a las necesidades de nuestros clientes. Somos un referente en el sector de la decoraci\u00f3n, promoviendo la creatividad y el dise\u00f1o accesible para todos.<\/p>\n\n\n\n\n\n\n\n\n\n\n\n\n\n\n\n\n<h5>Nuestra Visi\u00f3n<\/h5>\n<p>Nuestra visi\u00f3n es ser l\u00edderes en el sector de la decoraci\u00f3n, innovando constantemente y mejorando la calidad de vida de nuestros clientes. Con una mirada hacia el futuro, buscamos expandir nuestra presencia en el mercado, estableciendo alianzas estrat\u00e9gicas en cada uno de nuestros proyectos.<\/p>\n\n\n\n\n\n\n\n\n\n\n<h5>Nuestra Filosof\u00eda<\/h5>\n<p>Nuestra filosof\u00eda se basa en la combinaci\u00f3n de est\u00e9tica, funcionalidad y compromiso inquebrantable con el servicio al cliente. Creemos que cada hogar y oficina tiene su propia historia que contar, y nuestro objetivo es ayudarte a expresarla mediante dise\u00f1os \u00fanicos que reflejen tu estilo.<\/p>\n\n\n\n\n\n\n\n\n\n\n\n\n\n<h2>Nuestras L\u00edneas de servicio.<\/h2>\n\n<p>Si deseas contratar nuestros servicios de Instalaci\u00f3n de alguno de nuestros productos, selecciona la opci\u00f3n <em><strong>Cliente Final.<\/strong><\/em><\/p>\n<p>Si deseas adquirir nuestros materiales para realizar la instalaci\u00f3n, selecciona la opci\u00f3n <em><strong>Somos Distribuidores.<\/strong><\/em><\/p>\n\n\n<h4 style=\"text-align: center; color: rgb(255, 255, 255);\">SOMOS DISTRIBUIDORES<\/h4>\n<p style=\"color: rgb(255, 255, 255);\">Ofrecemos una amplia selecci\u00f3n de materiales&nbsp; duraderos y con opciones de f\u00e1cil instalaci\u00f3n. Nuestras soluciones vienen en una variedad de colores para combinar con su visi\u00f3n de dise\u00f1o, al mismo tiempo que ofrecen el rendimiento duradero que sus clientes se merecen.<\/p>\n\n\n<h4 style=\"text-align: center; color: rgb(255, 255, 255);\">INSTALACION CLIENTE FINAL<\/h4>\n<p style=\"color: rgb(255, 255, 255);\">Ofrecemos un acompa\u00f1amiento completo, desde el momento donde  escuchamos tu idea de decoraci\u00f3n de tu casa u oficina, hasta que se haga realidad. Contamos con un equipo capacitado y comprometido que te guiar\u00e1 por todo el proceso paso a paso hasta el final.<\/p>\n\n\n","protected":false},"excerpt":{"rendered":"","protected":false},"author":1,"featured_media":0,"parent":0,"menu_order":0,"comment_status":"closed","ping_status":"closed","template":"","meta":{"pagelayer_contact_templates":[],"_pagelayer_content":"","sfsi_plus_gutenberg_text_before_share":"","sfsi_plus_gutenberg_show_text_before_share":"","sfsi_plus_gutenberg_icon_type":"","sfsi_plus_gutenberg_icon_alignemt":"","sfsi_plus_gutenburg_max_per_row":"","footnotes":""},"class_list":["post-34","page","type-page","status-publish","hentry"],"_links":{"self":[{"href":"https:\/\/es-decor.us\/index.php?rest_route=\/wp\/v2\/pages\/34","targetHints":{"allow":["GET"]}}],"collection":[{"href":"https:\/\/es-decor.us\/index.php?rest_route=\/wp\/v2\/pages"}],"about":[{"href":"https:\/\/es-decor.us\/index.php?rest_route=\/wp\/v2\/types\/page"}],"author":[{"embeddable":true,"href":"https:\/\/es-decor.us\/index.php?rest_route=\/wp\/v2\/users\/1"}],"replies":[{"embeddable":true,"href":"https:\/\/es-decor.us\/index.php?rest_route=%2Fwp%2Fv2%2Fcomments&post=34"}],"version-history":[{"count":26,"href":"https:\/\/es-decor.us\/index.php?rest_route=\/wp\/v2\/pages\/34\/revisions"}],"predecessor-version":[{"id":693,"href":"https:\/\/es-decor.us\/index.php?rest_route=\/wp\/v2\/pages\/34\/revisions\/693"}],"wp:attachment":[{"href":"https:\/\/es-decor.us\/index.php?rest_route=%2Fwp%2Fv2%2Fmedia&parent=34"}],"curies":[{"name":"wp","href":"https:\/\/api.w.org\/{rel}","templated":true}]}}