{"id":32,"date":"2024-10-25T05:18:17","date_gmt":"2024-10-25T05:18:17","guid":{"rendered":"https:\/\/es-decor.us\/contact\/"},"modified":"2024-11-14T03:54:09","modified_gmt":"2024-11-14T03:54:09","slug":"contact","status":"publish","type":"page","link":"https:\/\/es-decor.us\/?page_id=32","title":{"rendered":"Contact"},"content":{"rendered":"\n\n\n\n\n<p>Lorem Ipsum has been the industry&#8217;s standard dummy text ever since the 1500s.<\/p>\n\n\n\n\n\n\n\n\n\n\n\n<h4 style=\"color: rgb(255, 255, 255);\">Contactos<\/h4>\n\n<p><br><\/p>\n\n\n\n\n<p><span style=\"color: rgb(255, 255, 255); font-family: Poppins, sans-serif; font-size: 14px;\">Adem\u00e1s, puedes seguirnos en nuestras redes sociales para conocer las \u00faltimas novedades en decoraci\u00f3n y descubrir nuestros proyectos de dise\u00f1o de interiores.<\/span><br><\/p>\n\n\n\n\n\n\n\n\n<h6 style=\"color: rgb(255, 255, 255);\">Habla con un experto<\/h6>\n\n\n\n\n\n\n\n\n\n\n\n\n1726 S. John Young Pkwy, 34741\n\n\n\n","protected":false},"excerpt":{"rendered":"","protected":false},"author":1,"featured_media":0,"parent":0,"menu_order":0,"comment_status":"closed","ping_status":"closed","template":"","meta":{"pagelayer_contact_templates":{"vto4735":{"cont_subject":"contact Page","cont_header":"$name,$email,$message","cont_use_html":"true"}},"_pagelayer_content":"","sfsi_plus_gutenberg_text_before_share":"","sfsi_plus_gutenberg_show_text_before_share":"","sfsi_plus_gutenberg_icon_type":"","sfsi_plus_gutenberg_icon_alignemt":"","sfsi_plus_gutenburg_max_per_row":"","footnotes":""},"class_list":["post-32","page","type-page","status-publish","hentry"],"_links":{"self":[{"href":"https:\/\/es-decor.us\/index.php?rest_route=\/wp\/v2\/pages\/32","targetHints":{"allow":["GET"]}}],"collection":[{"href":"https:\/\/es-decor.us\/index.php?rest_route=\/wp\/v2\/pages"}],"about":[{"href":"https:\/\/es-decor.us\/index.php?rest_route=\/wp\/v2\/types\/page"}],"author":[{"embeddable":true,"href":"https:\/\/es-decor.us\/index.php?rest_route=\/wp\/v2\/users\/1"}],"replies":[{"embeddable":true,"href":"https:\/\/es-decor.us\/index.php?rest_route=%2Fwp%2Fv2%2Fcomments&post=32"}],"version-history":[{"count":12,"href":"https:\/\/es-decor.us\/index.php?rest_route=\/wp\/v2\/pages\/32\/revisions"}],"predecessor-version":[{"id":694,"href":"https:\/\/es-decor.us\/index.php?rest_route=\/wp\/v2\/pages\/32\/revisions\/694"}],"wp:attachment":[{"href":"https:\/\/es-decor.us\/index.php?rest_route=%2Fwp%2Fv2%2Fmedia&parent=32"}],"curies":[{"name":"wp","href":"https:\/\/api.w.org\/{rel}","templated":true}]}}