{"id":30,"date":"2024-10-25T05:18:17","date_gmt":"2024-10-25T05:18:17","guid":{"rendered":"https:\/\/es-decor.us\/home\/"},"modified":"2025-02-10T21:53:46","modified_gmt":"2025-02-10T21:53:46","slug":"home","status":"publish","type":"page","link":"https:\/\/es-decor.us\/","title":{"rendered":"Home"},"content":{"rendered":"\n\n\n\n\n\n<h2>Encontremos tu estilo<\/h2>\n\n\n\n<h2><p style=\"color: rgb(0, 0, 0); font-family: Inter, sans-serif; font-size: 17px; font-weight: 500; letter-spacing: 1px; text-align: left;\">\u00bfNo sabes qu\u00e9 te gusta? \u00bfEst\u00e1s planeando una\u00a0<strong>remodelaci\u00f3n<\/strong>? Aqu\u00ed te ayudamos a encontrar tu estilo de<strong>\u00a0dise\u00f1o de interiores<\/strong><\/p><\/h2>\n\n\n\n\n\n\n\n<h5 style=\"color: rgb(255, 255, 255);\">Composit wpc.<\/h5><p style=\"color: rgb(255, 255, 255);\">Es un material vers\u00e1til y atractivo para el dise\u00f1o de interiores. Aqu\u00ed\ntienes algunas ideas sobre c\u00f3mo integrarlo en tus espacios<\/p>\n\n\n\n\n<h5 style=\"color: rgb(255, 255, 255);\">Blinds.<\/h5><p style=\"\"><font color=\"#ffffff\">Combinan&nbsp;<\/font><font color=\"#ffffff\">funcionalidad y estilo, ofreciendo un control de la luz y privacidad de manera elegante. Aqu\u00ed tienes&nbsp;<\/font><span style=\"color: rgb(255, 255, 255);\">algunas ideas sobre c\u00f3mo utilizarlas en tu hogar:<\/span><\/p>\n\n\n\n\n<h5 style=\"color: rgb(255, 255, 255);\">SPC Panel Marble<\/h5><p style=\"\"><span style=\"color: rgb(255, 255, 255);\">Son conocidas por su durabilidad, belleza y su idoneidad para una amplia gama de ocasiones. Se utilizan cada vez m\u00e1s en la vida diaria.<\/span><\/p>\n\n\n\n\n<h5 style=\"color: rgb(255, 255, 255);\">Floating Floor.<\/h5><p style=\"\"><font color=\"#ffffff\">Los Pisos Flotantes representan una soluci\u00f3n contempor\u00e1nea y sofisticada para quienes buscan transformar sus espacios con elegancia y funcionalidad.<\/font><\/p>\n\n\n\n\n\n\n\n\n\n\n\n<h5 [object NamedNodeMap]>100% Compromiso de satisfacci\u00f3n<\/h5>\n\n\n<p><span style=\"color: rgb(255, 255, 255); font-family: Poppins, sans-serif; );\">Si vas a so\u00f1ar, \u00a1que sea a lo grande! Nosotros lo hacemos en todos los proyectos que realizamos. Buscamos siempre la excelencia y la m\u00e1xima satisfacci\u00f3n en nuestros trabajos..<\/span><br><\/p>\n\n\n\n\n\n\n\n\n\n\n\n\n\n\n\n<h2>Esto hemos dise\u00f1ado para nuestros clientes<\/h2>\n\n\n\n<p [object NamedNodeMap]>Encuentra en los proyectos que ya hemos realizado, toda la inspiraci\u00f3n que necesitas, <strong>\u00a1El pr\u00f3ximo eres t\u00fa!<\/strong><\/p>\n\n\n\n\n\n\n\n\n\n\n\n\n\n<h2>Vis\u00edtanos\u00a0<\/h2>\n\n\n\n\n\n\n\n1726 S John Young Pkwy, Kissimmee, FL 34741, EE. UU.\n\n\n\n","protected":false},"excerpt":{"rendered":"","protected":false},"author":1,"featured_media":0,"parent":0,"menu_order":0,"comment_status":"closed","ping_status":"closed","template":"","meta":{"pagelayer_contact_templates":[],"_pagelayer_content":"","sfsi_plus_gutenberg_text_before_share":"","sfsi_plus_gutenberg_show_text_before_share":"","sfsi_plus_gutenberg_icon_type":"","sfsi_plus_gutenberg_icon_alignemt":"","sfsi_plus_gutenburg_max_per_row":"","footnotes":""},"class_list":["post-30","page","type-page","status-publish","hentry"],"_links":{"self":[{"href":"https:\/\/es-decor.us\/index.php?rest_route=\/wp\/v2\/pages\/30","targetHints":{"allow":["GET"]}}],"collection":[{"href":"https:\/\/es-decor.us\/index.php?rest_route=\/wp\/v2\/pages"}],"about":[{"href":"https:\/\/es-decor.us\/index.php?rest_route=\/wp\/v2\/types\/page"}],"author":[{"embeddable":true,"href":"https:\/\/es-decor.us\/index.php?rest_route=\/wp\/v2\/users\/1"}],"replies":[{"embeddable":true,"href":"https:\/\/es-decor.us\/index.php?rest_route=%2Fwp%2Fv2%2Fcomments&post=30"}],"version-history":[{"count":192,"href":"https:\/\/es-decor.us\/index.php?rest_route=\/wp\/v2\/pages\/30\/revisions"}],"predecessor-version":[{"id":759,"href":"https:\/\/es-decor.us\/index.php?rest_route=\/wp\/v2\/pages\/30\/revisions\/759"}],"wp:attachment":[{"href":"https:\/\/es-decor.us\/index.php?rest_route=%2Fwp%2Fv2%2Fmedia&parent=30"}],"curies":[{"name":"wp","href":"https:\/\/api.w.org\/{rel}","templated":true}]}}