{"id":152,"date":"2024-10-29T14:49:41","date_gmt":"2024-10-29T14:49:41","guid":{"rendered":"https:\/\/es-decor.us\/?page_id=152"},"modified":"2025-05-28T03:46:08","modified_gmt":"2025-05-28T03:46:08","slug":"floating-floor","status":"publish","type":"page","link":"https:\/\/es-decor.us\/?page_id=152","title":{"rendered":"Floating Floor"},"content":{"rendered":"\n\n\n\n\n<p>Lorem Ipsum has been the industry&#8217;s standard dummy text ever since the 1500s.<\/p>\n\n\n\n\n\n\n\n\n\n\n\n<h2 style=\"color: rgb(255, 255, 255);\">Floating Floor<\/h2>\n\n\n\n<span style=\"color: rgb(255, 255, 255);\">Los pisos flotantes representan una soluci\u00f3n\ncontempor\u00e1nea y sofisticada para quienes buscan transformar sus espacios con\nelegancia y funcionalidad. Compuestos por una serie de capas de alta calidad,\nestos sistemas de suelo se instalan sin la necesidad de adhesivos, lo que\npermite una colocaci\u00f3n r\u00e1pida y sencilla, adem\u00e1s de ofrecer una flexibilidad\nexcepcional en el dise\u00f1o interior.<\/span><p class=\"MsoNormal\" style=\"margin-bottom:10.0pt;line-height:115%;mso-pagination:\nnone;mso-layout-grid-align:none;text-autospace:none\"><span lang=\"es\"><o:p><\/o:p><\/span><\/p><span style=\"color:#ffffff;\"><span style=\"\"><\/span><\/span><span style=\"color:#ffffff;\"><br>\n<p style=\"color: rgb(255, 255, 255);\">Aqu\u00ed tienes algunas caracter\u00edsticas y ventajas del piso flotante:<\/p><\/span><p> <\/p>\n\n\n\n\n\n\n\n\n\n\n\n\n\n\n\n\n\n\n\n\n\n<h2 style=\"color: rgb(0, 0, 0);\">Caracter\u00edsticas<\/h2>\n\n<p class=\"MsoNormal\" style=\"margin-bottom: 10pt; line-height: 115%; text-align: center;\"><span lang=\"es\">Disponibles en una amplia gama de estilos,\ndesde la calidez de la madera natural hasta las texturas refinadas de la\ncer\u00e1mica, los pisos flotantes aportan un acabado est\u00e9tico impecable que eleva\nla decoraci\u00f3n de cualquier ambiente. Su capacidad para imitar materiales de\nlujo, junto con su resistencia a la humedad y a los impactos, los convierte en\nuna elecci\u00f3n ideal para espacios diversos, desde residencias hasta entornos\ncomerciales.<o:p><\/o:p><\/span><\/p>\n\n\n\n\n\n<h5><strong>Materiales\u00a0<\/strong><\/h5>\n\n\n<p style=\"text-align: center;\">Puede estar hecho de Laminado, Vinilo o madera.<\/p>\n\n\n\n<h5><strong>Instalaci\u00f3n<\/strong><\/h5>\n\n\n<p style=\"text-align: center;\">Se instala sin adhesivos ni clavos, lo que facilita su colocaci\u00f3n.&nbsp;<\/p>\n\n\n\n<h5><strong>Aislamiento<\/strong><\/h5>\n\n\n<p style=\"text-align: center;\">Ofrece un buen aislamiento t\u00e9rmico y ac\u00fastico<\/p>\n\n\n\n\n\n\n\n\n\n\n\n\n\n\n\n\n\n<h5><strong>Ventajas<\/strong><\/h5>\n\n\n\n<p [object NamedNodeMap]><em style=\"font-weight: bold;\">F\u00e1cil Instalaci\u00f3n: <\/em>Ideal para proyectos de bricolage.<\/p>\n\n\n<p [object NamedNodeMap]><em style=\"font-weight: bold;\">Versatilidad:\u00a0<\/em>Se puede instalar sobre diferentes tipos de superficies, como cer\u00e1mica o concreto.<\/p>\n\n\n<p [object NamedNodeMap]><em style=\"font-weight: bold;\">Costo:\u00a0<\/em>Generalmente, es m\u00e1s econ\u00f3mico que otros tipos de pisos, como los de madera maciza.<\/p>\n\n\n\n\n\n\n\n\n\n\n","protected":false},"excerpt":{"rendered":"","protected":false},"author":1,"featured_media":0,"parent":0,"menu_order":0,"comment_status":"closed","ping_status":"closed","template":"","meta":{"pagelayer_contact_templates":[],"_pagelayer_content":"","sfsi_plus_gutenberg_text_before_share":"","sfsi_plus_gutenberg_show_text_before_share":"","sfsi_plus_gutenberg_icon_type":"","sfsi_plus_gutenberg_icon_alignemt":"","sfsi_plus_gutenburg_max_per_row":"","footnotes":""},"class_list":["post-152","page","type-page","status-publish","hentry"],"_links":{"self":[{"href":"https:\/\/es-decor.us\/index.php?rest_route=\/wp\/v2\/pages\/152","targetHints":{"allow":["GET"]}}],"collection":[{"href":"https:\/\/es-decor.us\/index.php?rest_route=\/wp\/v2\/pages"}],"about":[{"href":"https:\/\/es-decor.us\/index.php?rest_route=\/wp\/v2\/types\/page"}],"author":[{"embeddable":true,"href":"https:\/\/es-decor.us\/index.php?rest_route=\/wp\/v2\/users\/1"}],"replies":[{"embeddable":true,"href":"https:\/\/es-decor.us\/index.php?rest_route=%2Fwp%2Fv2%2Fcomments&post=152"}],"version-history":[{"count":40,"href":"https:\/\/es-decor.us\/index.php?rest_route=\/wp\/v2\/pages\/152\/revisions"}],"predecessor-version":[{"id":692,"href":"https:\/\/es-decor.us\/index.php?rest_route=\/wp\/v2\/pages\/152\/revisions\/692"}],"wp:attachment":[{"href":"https:\/\/es-decor.us\/index.php?rest_route=%2Fwp%2Fv2%2Fmedia&parent=152"}],"curies":[{"name":"wp","href":"https:\/\/api.w.org\/{rel}","templated":true}]}}