{"id":149,"date":"2024-10-29T14:49:41","date_gmt":"2024-10-29T14:49:41","guid":{"rendered":"https:\/\/es-decor.us\/?page_id=149"},"modified":"2025-05-28T03:46:08","modified_gmt":"2025-05-28T03:46:08","slug":"blinds","status":"publish","type":"page","link":"https:\/\/es-decor.us\/?page_id=149","title":{"rendered":"Blinds"},"content":{"rendered":"\n\n\n\n\n<p>Lorem Ipsum has been the industry&#8217;s standard dummy text ever since the 1500s.<\/p>\n\n\n\n\n\n\n\n\n\n<h2 style=\"color: rgb(255, 255, 255);\">Blinds<\/h2>\n\n\n\n<p style=\"color: rgb(255, 255, 255);\">Son una excelente opci\u00f3n para la decoraci\u00f3n de interiores que combinan funcionalidad y estilo, que brindan un control de la luz y privacidad de manera elegante.<\/p>\n<p style=\"color: rgb(255, 255, 255);\">Aqu\u00ed tienes algunas ideas sobre c\u00f3mo utilizarlas en tu hogar:<\/p>\n\n\n\n\n\n\n\n\n\n\n\n\n\n\n\n<h2>1. Control de Luz.<\/h2>\n\n\n\n<p>Las persianas zebra permiten ajustar la entrada de luz de manera precisa. Puedes usarlas en habitaciones donde desees un ambiente luminoso durante el d\u00eda y m\u00e1s \u00edntimo por la noche.<\/p>\n\n\n\n\n\n\n\n\n\n\n\n\n\n<h2>2. Estilos y Colores<\/h2>\n\n\n\n<p>Disponibles en una amplia gama de colores y patrones, disponibles para que complementen tu esquema de color. Puedes optar por tonos neutros para un look minimalista o colores vibrantes para hacer un statement.<\/p>\n\n\n\n\n\n\n\n\n\n\n\n\n\n\n\n\n\n\n\n<h2>3. Habitaciones clave<\/h2>\n\n\n\n<p><strong>Sal\u00f3n:<\/strong> Usar persianas zebra puede agregar un toque moderno y sofisticado. Las puedes combinar con cortinas para un efecto m\u00e1s texturizado.<\/p><p><strong>Dormitorio:<\/strong>&nbsp;Ayudan a bloquear la luz mientras proporcionan privacidad. Puedes elegir colores oscuros o patrones suaves para un ambiente relajante.&nbsp;<\/p>\n<p><strong>Cocina: <\/strong>Son f\u00e1ciles de limpiar<strong>&nbsp;<\/strong>y perfectas para controlar la luz, ideal para crear un espacio luminoso y acogedor.<\/p>\n\n\n\n\n\n","protected":false},"excerpt":{"rendered":"","protected":false},"author":1,"featured_media":0,"parent":0,"menu_order":0,"comment_status":"closed","ping_status":"closed","template":"","meta":{"pagelayer_contact_templates":[],"_pagelayer_content":"","sfsi_plus_gutenberg_text_before_share":"","sfsi_plus_gutenberg_show_text_before_share":"","sfsi_plus_gutenberg_icon_type":"","sfsi_plus_gutenberg_icon_alignemt":"","sfsi_plus_gutenburg_max_per_row":"","footnotes":""},"class_list":["post-149","page","type-page","status-publish","hentry"],"_links":{"self":[{"href":"https:\/\/es-decor.us\/index.php?rest_route=\/wp\/v2\/pages\/149","targetHints":{"allow":["GET"]}}],"collection":[{"href":"https:\/\/es-decor.us\/index.php?rest_route=\/wp\/v2\/pages"}],"about":[{"href":"https:\/\/es-decor.us\/index.php?rest_route=\/wp\/v2\/types\/page"}],"author":[{"embeddable":true,"href":"https:\/\/es-decor.us\/index.php?rest_route=\/wp\/v2\/users\/1"}],"replies":[{"embeddable":true,"href":"https:\/\/es-decor.us\/index.php?rest_route=%2Fwp%2Fv2%2Fcomments&post=149"}],"version-history":[{"count":23,"href":"https:\/\/es-decor.us\/index.php?rest_route=\/wp\/v2\/pages\/149\/revisions"}],"predecessor-version":[{"id":689,"href":"https:\/\/es-decor.us\/index.php?rest_route=\/wp\/v2\/pages\/149\/revisions\/689"}],"wp:attachment":[{"href":"https:\/\/es-decor.us\/index.php?rest_route=%2Fwp%2Fv2%2Fmedia&parent=149"}],"curies":[{"name":"wp","href":"https:\/\/api.w.org\/{rel}","templated":true}]}}