{"id":144,"date":"2024-10-29T14:48:12","date_gmt":"2024-10-29T14:48:12","guid":{"rendered":"https:\/\/es-decor.us\/?page_id=144"},"modified":"2025-05-28T03:46:08","modified_gmt":"2025-05-28T03:46:08","slug":"composit-wpc","status":"publish","type":"page","link":"https:\/\/es-decor.us\/?page_id=144","title":{"rendered":"Composit WPC"},"content":{"rendered":"\n\n\n\n\n<p>Lorem Ipsum has been the industry&#8217;s standard dummy text ever since the 1500s.<\/p>\n\n\n\n\n\n\n\n\n\n\n\n<h2 style=\"color: rgb(255, 255, 255);\">WPC (Wood Pl\u00e1stic Composite)<\/h2>\n\n\n\n<span style=\"color:#ffffff;\">En el contexto de la construcci\u00f3n o el dise\u00f1o, es un material compuesto que combina madera y pl\u00e1stico, lo que lo hace resistente a la humedad y a las plagas, adem\u00e1s de ser m\u00e1s sostenible que la madera tradicional. Se utiliza a menudo en la fabricaci\u00f3n de terrazas, muebles y revestimientos exteriores.<\/span>\n<p style=\"color: rgb(255, 255, 255);\">Es un material vers\u00e1til y atractivo para el dise\u00f1o de interiores. Aqu\u00ed tienes algunas ideas sobre c\u00f3mo integrarlo en tus espacios:<\/p>\n\n\n\n\n\n\n\n\n\n\n\n\n\n\n\n\n\n<h2>1. Paredes y revestimientos<\/h2>\n\n\n\n<p>Puedes usar paneles de WPC para revestir paredes, a\u00f1adiendo textura y calidez. Son perfectos para crear un acento visual en salones o \u00e1reas de estar.<\/p>\n\n\n\n\n\n\n\n\n\n\n\n\n\n\n\n<h2>2. Muebles<\/h2>\n\n\n\n<p>El WPC se puede utilizar para fabricar muebles como mesas, sillas y estanter\u00edas. Es ligero y f\u00e1cil de limpiar, lo que lo hace ideal para hogares con ni\u00f1os o mascotas.<br><\/p>\n\n\n\n\n\n\n\n\n\n\n\n\n\n\n\n\n\n\n\n\n\n<h2>3. Iluminaci\u00f3n<\/h2>\n\n\n\n<p>Algunos dise\u00f1adores crean l\u00e1mparas y apliques con WPC, aprovechando su capacidad para ser moldeado en formas creativas.<br><\/p>\n\n\n\n\n\n\n\n\n\n\n","protected":false},"excerpt":{"rendered":"","protected":false},"author":1,"featured_media":0,"parent":0,"menu_order":0,"comment_status":"closed","ping_status":"closed","template":"","meta":{"pagelayer_contact_templates":[],"_pagelayer_content":"","sfsi_plus_gutenberg_text_before_share":"","sfsi_plus_gutenberg_show_text_before_share":"","sfsi_plus_gutenberg_icon_type":"","sfsi_plus_gutenberg_icon_alignemt":"","sfsi_plus_gutenburg_max_per_row":"","footnotes":""},"class_list":["post-144","page","type-page","status-publish","hentry"],"_links":{"self":[{"href":"https:\/\/es-decor.us\/index.php?rest_route=\/wp\/v2\/pages\/144","targetHints":{"allow":["GET"]}}],"collection":[{"href":"https:\/\/es-decor.us\/index.php?rest_route=\/wp\/v2\/pages"}],"about":[{"href":"https:\/\/es-decor.us\/index.php?rest_route=\/wp\/v2\/types\/page"}],"author":[{"embeddable":true,"href":"https:\/\/es-decor.us\/index.php?rest_route=\/wp\/v2\/users\/1"}],"replies":[{"embeddable":true,"href":"https:\/\/es-decor.us\/index.php?rest_route=%2Fwp%2Fv2%2Fcomments&post=144"}],"version-history":[{"count":53,"href":"https:\/\/es-decor.us\/index.php?rest_route=\/wp\/v2\/pages\/144\/revisions"}],"predecessor-version":[{"id":688,"href":"https:\/\/es-decor.us\/index.php?rest_route=\/wp\/v2\/pages\/144\/revisions\/688"}],"wp:attachment":[{"href":"https:\/\/es-decor.us\/index.php?rest_route=%2Fwp%2Fv2%2Fmedia&parent=144"}],"curies":[{"name":"wp","href":"https:\/\/api.w.org\/{rel}","templated":true}]}}